{"id":713,"date":"2023-11-19T16:35:19","date_gmt":"2023-11-19T19:35:19","guid":{"rendered":"https:\/\/labtecog.uenp.intranet\/?page_id=713"},"modified":"2023-11-19T16:36:28","modified_gmt":"2023-11-19T19:36:28","slug":"apresentacao","status":"publish","type":"page","link":"https:\/\/labtecog.uenp.edu.br\/?page_id=713","title":{"rendered":"Apresenta\u00e7\u00e3o"},"content":{"rendered":"<p style=\"text-align: justify;\">O Laborat\u00f3rio de Estudo e Pesquisa em Tecnologias Digitais e Processos Cognitivos, visa apoiar os projetos de ensino, pesquisa e extens\u00e3o desenvolvidos a fim de apoiar, alunos, professores e comunidade externa, no que se refere ao uso das Tecnologias Digitais da Informa\u00e7\u00e3o em Comunica\u00e7\u00e3o em seus diversos n\u00edveis de ensino. Este laborat\u00f3rio servir\u00e1 de trip\u00e9, para apoiar os projetos desenvolvidos pelo seu coordenador, no que tange o ensino, pesquisa e extens\u00e3o, visto estar integrado com discentes da gradua\u00e7\u00e3o, p\u00f3s-gradua\u00e7\u00e3o lato e stricto-sensu. Este tamb\u00e9m servir\u00e1 de apoio pedag\u00f3gico para o desenvolvimento de materiais midi\u00e1ticos para serem utilizados em sala de aula, tanto regulares, quanto especiais.<\/p>\n<p>Coordenador:\u00a0<b>Prof. Dr. Jo\u00e3o Coelho Neto \u2013<\/b>\u00a0joaocoelho@uenp.edu.br<\/p>\n","protected":false},"excerpt":{"rendered":"","protected":false},"author":10,"featured_media":0,"parent":632,"menu_order":0,"comment_status":"closed","ping_status":"closed","template":"","meta":{"footnotes":""},"class_list":["post-713","page","type-page","status-publish","hentry"],"_links":{"self":[{"href":"https:\/\/labtecog.uenp.edu.br\/index.php?rest_route=\/wp\/v2\/pages\/713","targetHints":{"allow":["GET"]}}],"collection":[{"href":"https:\/\/labtecog.uenp.edu.br\/index.php?rest_route=\/wp\/v2\/pages"}],"about":[{"href":"https:\/\/labtecog.uenp.edu.br\/index.php?rest_route=\/wp\/v2\/types\/page"}],"author":[{"embeddable":true,"href":"https:\/\/labtecog.uenp.edu.br\/index.php?rest_route=\/wp\/v2\/users\/10"}],"replies":[{"embeddable":true,"href":"https:\/\/labtecog.uenp.edu.br\/index.php?rest_route=%2Fwp%2Fv2%2Fcomments&post=713"}],"version-history":[{"count":2,"href":"https:\/\/labtecog.uenp.edu.br\/index.php?rest_route=\/wp\/v2\/pages\/713\/revisions"}],"predecessor-version":[{"id":717,"href":"https:\/\/labtecog.uenp.edu.br\/index.php?rest_route=\/wp\/v2\/pages\/713\/revisions\/717"}],"up":[{"embeddable":true,"href":"https:\/\/labtecog.uenp.edu.br\/index.php?rest_route=\/wp\/v2\/pages\/632"}],"wp:attachment":[{"href":"https:\/\/labtecog.uenp.edu.br\/index.php?rest_route=%2Fwp%2Fv2%2Fmedia&parent=713"}],"curies":[{"name":"wp","href":"https:\/\/api.w.org\/{rel}","templated":true}]}}