{"id":719,"date":"2023-11-19T16:41:13","date_gmt":"2023-11-19T19:41:13","guid":{"rendered":"https:\/\/labtecog.uenp.intranet\/?page_id=719"},"modified":"2023-11-23T15:12:48","modified_gmt":"2023-11-23T18:12:48","slug":"projetos","status":"publish","type":"page","link":"https:\/\/labtecog.uenp.edu.br\/?page_id=719","title":{"rendered":"Projetos"},"content":{"rendered":"<p>Projetos coordenados pelo Prof. Dr. Jo\u00e3o Coelho Neto<\/p>\n<p style=\"text-align: justify;\">Coordenador geral do Laborat\u00f3rio de Tecnologia Educacional e Processos Cognitivos \u2013 Labtecog. Orienta alunos de gradua\u00e7\u00e3o, especializa\u00e7\u00e3o, mestrado e p\u00f3s-doutorado nos seguintes temas: Inform\u00e1tica na Educa\u00e7\u00e3o; Processos de Desenvolvimento de Jogos Eletr\u00f4nicos Educacionais; Pensamento Computacional, desenvolvimento de instrumentos e estudos de tecnologias para alunos com Transtornos do Neurodesenvolvimento (Discalculia e Autismo) e temas relacionados \u00e0 Educa\u00e7\u00e3o, Educa\u00e7\u00e3o Matem\u00e1tica (uso das TDIC) no processo de ensino e de aprendizagem e na forma\u00e7\u00e3o docente, aspectos estes envolvendo tamb\u00e9m a psicologia cognitiva e Revis\u00e3o Sistem\u00e1tica de Literatura.<\/p>\n<p>Projetos Desenvolvidos 2020<\/p>\n","protected":false},"excerpt":{"rendered":"","protected":false},"author":10,"featured_media":0,"parent":632,"menu_order":0,"comment_status":"closed","ping_status":"closed","template":"","meta":{"footnotes":""},"class_list":["post-719","page","type-page","status-publish","hentry"],"_links":{"self":[{"href":"https:\/\/labtecog.uenp.edu.br\/index.php?rest_route=\/wp\/v2\/pages\/719","targetHints":{"allow":["GET"]}}],"collection":[{"href":"https:\/\/labtecog.uenp.edu.br\/index.php?rest_route=\/wp\/v2\/pages"}],"about":[{"href":"https:\/\/labtecog.uenp.edu.br\/index.php?rest_route=\/wp\/v2\/types\/page"}],"author":[{"embeddable":true,"href":"https:\/\/labtecog.uenp.edu.br\/index.php?rest_route=\/wp\/v2\/users\/10"}],"replies":[{"embeddable":true,"href":"https:\/\/labtecog.uenp.edu.br\/index.php?rest_route=%2Fwp%2Fv2%2Fcomments&post=719"}],"version-history":[{"count":2,"href":"https:\/\/labtecog.uenp.edu.br\/index.php?rest_route=\/wp\/v2\/pages\/719\/revisions"}],"predecessor-version":[{"id":782,"href":"https:\/\/labtecog.uenp.edu.br\/index.php?rest_route=\/wp\/v2\/pages\/719\/revisions\/782"}],"up":[{"embeddable":true,"href":"https:\/\/labtecog.uenp.edu.br\/index.php?rest_route=\/wp\/v2\/pages\/632"}],"wp:attachment":[{"href":"https:\/\/labtecog.uenp.edu.br\/index.php?rest_route=%2Fwp%2Fv2%2Fmedia&parent=719"}],"curies":[{"name":"wp","href":"https:\/\/api.w.org\/{rel}","templated":true}]}}